{"id":94,"date":"2024-12-27T14:17:34","date_gmt":"2024-12-27T14:17:34","guid":{"rendered":"https:\/\/bedagrup.com\/?page_id=94"},"modified":"2024-12-28T17:53:45","modified_gmt":"2024-12-28T17:53:45","slug":"istanbul-tema-hastanesi","status":"publish","type":"page","link":"https:\/\/bedagrup.com\/fr\/istanbul-tema-hastanesi\/","title":{"rendered":"Istanbul Tema Hastanesi"},"content":{"rendered":"\n<p>1994 y\u0131l\u0131nda k\u00fc\u00e7\u00fck bir semt klini\u011fiyle ba\u015flayan Bahat Sa\u011fl\u0131k Grubu, bug\u00fcn Sultangazi Bahat Hospital, G.O.P. Hastanesi ve en b\u00fcy\u00fck halkam\u0131z olan BHT CLINIC \u00d6zel \u0130stanbul Tema Hastanesi ile b\u00fcy\u00fcmeye devam etmektedir.<\/p>\n\n\n\n<figure class=\"wp-block-image size-full\"><img loading=\"lazy\" decoding=\"async\" width=\"900\" height=\"600\" src=\"https:\/\/bedagrup.com\/wp-content\/uploads\/2024\/12\/8b274c51-f7ba-4fe4-95b5-d9f77aaacab6.jpg\" alt=\"Istanbul Tema Hastanesi\" class=\"wp-image-179\" srcset=\"https:\/\/bedagrup.com\/wp-content\/uploads\/2024\/12\/8b274c51-f7ba-4fe4-95b5-d9f77aaacab6.jpg 900w, https:\/\/bedagrup.com\/wp-content\/uploads\/2024\/12\/8b274c51-f7ba-4fe4-95b5-d9f77aaacab6-300x200.jpg 300w, https:\/\/bedagrup.com\/wp-content\/uploads\/2024\/12\/8b274c51-f7ba-4fe4-95b5-d9f77aaacab6-768x512.jpg 768w\" sizes=\"auto, (max-width: 900px) 100vw, 900px\" \/><\/figure>\n\n\n\n<p>Etik ilkeler ve uluslararas\u0131 kalite standartlar\u0131na uygun olarak hasta ve \u00e7al\u0131\u015fan g\u00fcvenli\u011fini esas alan grubumuz, \u00ab\u00a0Sa\u011fl\u0131kta D\u00fcnya Markas\u0131 Olma\u00a0\u00bb misyonuyla hareket etmektedir. 100\u2019den fazla doktor ve 1000\u2019den fazla \u00e7al\u0131\u015fan\u0131m\u0131zla hizmet vermekteyiz.<\/p>\n\n\n\n<p>BHT CLINIC, JCI Akreditasyon Standartlar\u0131na uyum sa\u011flayarak T\u00fcrkiye&rsquo;deki ilk genel hastane olarak kalite belgesini alm\u0131\u015ft\u0131r. \u00c7evreye duyarl\u0131 yakla\u015f\u0131m\u0131yla LEED Gold sertifikas\u0131n\u0131 kazanm\u0131\u015f ve ak\u0131ll\u0131 bina teknolojisiyle in\u015fa edilen 55.000 m\u00b2 kapal\u0131 alana sahip hastanemizle hizmet sunmaya devam etmekteyiz.<\/p>\n\n\n\n<figure class=\"wp-block-gallery has-nested-images columns-default is-cropped wp-block-gallery-1 is-layout-flex wp-block-gallery-is-layout-flex\">\n<figure class=\"wp-block-image size-full\"><img loading=\"lazy\" decoding=\"async\" width=\"900\" height=\"599\" data-id=\"149\" src=\"https:\/\/bedagrup.com\/wp-content\/uploads\/2024\/12\/1505a1a5-beed-4c97-b5d3-74840136bfe4.jpg\" alt=\"Istanbul Tema Hastanesi\" class=\"wp-image-149\" srcset=\"https:\/\/bedagrup.com\/wp-content\/uploads\/2024\/12\/1505a1a5-beed-4c97-b5d3-74840136bfe4.jpg 900w, https:\/\/bedagrup.com\/wp-content\/uploads\/2024\/12\/1505a1a5-beed-4c97-b5d3-74840136bfe4-300x200.jpg 300w, https:\/\/bedagrup.com\/wp-content\/uploads\/2024\/12\/1505a1a5-beed-4c97-b5d3-74840136bfe4-768x511.jpg 768w\" sizes=\"auto, (max-width: 900px) 100vw, 900px\" \/><\/figure>\n\n\n\n<figure class=\"wp-block-image size-full\"><img loading=\"lazy\" decoding=\"async\" width=\"900\" height=\"599\" data-id=\"146\" src=\"https:\/\/bedagrup.com\/wp-content\/uploads\/2024\/12\/0e14e321-80fd-4077-a402-2b0c114023c9.jpg\" alt=\"Istanbul Tema Hastanesi\" class=\"wp-image-146\" srcset=\"https:\/\/bedagrup.com\/wp-content\/uploads\/2024\/12\/0e14e321-80fd-4077-a402-2b0c114023c9.jpg 900w, https:\/\/bedagrup.com\/wp-content\/uploads\/2024\/12\/0e14e321-80fd-4077-a402-2b0c114023c9-300x200.jpg 300w, https:\/\/bedagrup.com\/wp-content\/uploads\/2024\/12\/0e14e321-80fd-4077-a402-2b0c114023c9-768x511.jpg 768w\" sizes=\"auto, (max-width: 900px) 100vw, 900px\" \/><\/figure>\n\n\n\n<figure class=\"wp-block-image size-full\"><img loading=\"lazy\" decoding=\"async\" width=\"900\" height=\"600\" data-id=\"143\" src=\"https:\/\/bedagrup.com\/wp-content\/uploads\/2024\/12\/206e79bb-8994-4849-8de7-5f6f2ea2ba45.jpg\" alt=\"Istanbul Tema Hastanesi\" class=\"wp-image-143\" srcset=\"https:\/\/bedagrup.com\/wp-content\/uploads\/2024\/12\/206e79bb-8994-4849-8de7-5f6f2ea2ba45.jpg 900w, https:\/\/bedagrup.com\/wp-content\/uploads\/2024\/12\/206e79bb-8994-4849-8de7-5f6f2ea2ba45-300x200.jpg 300w, https:\/\/bedagrup.com\/wp-content\/uploads\/2024\/12\/206e79bb-8994-4849-8de7-5f6f2ea2ba45-768x512.jpg 768w\" sizes=\"auto, (max-width: 900px) 100vw, 900px\" \/><\/figure>\n<\/figure>\n\n\n\n<p>450 yatak kapasitesi, geli\u015fmi\u015f t\u0131bbi g\u00f6r\u00fcnt\u00fcleme sistemleri ve 18 tam donan\u0131ml\u0131 ameliyathanesi ile teknolojik altyap\u0131da T\u00fcrkiye\u2019de \u00f6nc\u00fc, d\u00fcnyada ise s\u0131n\u0131rl\u0131 say\u0131da merkezin sahip oldu\u011fu donan\u0131ma sahibiz. Sa\u011fl\u0131k hizmetlerinde kaliteyi \u00f6n planda tutarak hasta, \u00e7al\u0131\u015fan ve do\u011faya verdi\u011fimiz de\u011feri s\u00fcrd\u00fcr\u00fcyoruz.<\/p>\n\n\n\n<h2 class=\"wp-block-heading\">Hizmetlerimiz<\/h2>\n\n\n\n<p><strong>T\u0131bbi Birimler<\/strong><\/p>\n\n\n\n<ul class=\"wp-block-list\">\n<li><strong>Acil Servis<\/strong><\/li>\n\n\n\n<li><strong>\u00c7ocuk Sa\u011fl\u0131\u011f\u0131 ve Hastal\u0131klar\u0131<\/strong><\/li>\n\n\n\n<li><strong>Kad\u0131n Hastal\u0131klar\u0131 ve Do\u011fum<\/strong><\/li>\n\n\n\n<li><strong>Genel Cerrahi<\/strong><\/li>\n\n\n\n<li><strong>Kalp ve Damar Cerrahisi<\/strong><\/li>\n\n\n\n<li><strong>N\u00f6roloji<\/strong><\/li>\n\n\n\n<li><strong>Ortopedi ve Travmatoloji<\/strong><\/li>\n\n\n\n<li><strong>T\u0131bbi Onkoloji<\/strong><\/li>\n\n\n\n<li><strong>T\u00fcp Bebek Merkezi (IVF)<\/strong><\/li>\n\n\n\n<li><strong>Yo\u011fun Bak\u0131m<\/strong><\/li>\n<\/ul>\n\n\n\n<h3 class=\"wp-block-heading\">Odalar<\/h3>\n\n\n\n<p>Hastalar\u0131m\u0131za 5 y\u0131ld\u0131zl\u0131 otel konforu sunmaktay\u0131z. T\u00fcm odalar LCD TV, buzdolab\u0131, kasa, sa\u00e7 kurutma makinesi, internet ve g\u00fcnl\u00fck gazete servisiyle donat\u0131lm\u0131\u015ft\u0131r. Farkl\u0131 ihtiya\u00e7lara uygun d\u00f6rt \u00e7e\u015fit oda konseptimiz bulunmaktad\u0131r.<\/p>\n\n\n\n<div class=\"wp-block-columns is-layout-flex wp-container-core-columns-is-layout-9d6595d7 wp-block-columns-is-layout-flex\">\n<div class=\"wp-block-column is-layout-flow wp-block-column-is-layout-flow\">\n<p class=\"has-text-align-center\"><strong>1-Standart oda konsepti<\/strong><\/p>\n\n\n\n<figure class=\"wp-block-image size-full is-resized\"><img loading=\"lazy\" decoding=\"async\" width=\"400\" height=\"256\" src=\"https:\/\/bedagrup.com\/wp-content\/uploads\/2024\/12\/image-4.jpeg\" alt=\"Istanbul Tema Hastanesi\" class=\"wp-image-164\" style=\"width:416px;height:auto\" srcset=\"https:\/\/bedagrup.com\/wp-content\/uploads\/2024\/12\/image-4.jpeg 400w, https:\/\/bedagrup.com\/wp-content\/uploads\/2024\/12\/image-4-300x192.jpeg 300w\" sizes=\"auto, (max-width: 400px) 100vw, 400px\" \/><\/figure>\n\n\n\n<p class=\"has-text-align-center\"><strong>2-Suit oda konsepti<\/strong><\/p>\n\n\n\n<figure class=\"wp-block-image size-full is-resized\"><img loading=\"lazy\" decoding=\"async\" width=\"400\" height=\"256\" src=\"https:\/\/bedagrup.com\/wp-content\/uploads\/2024\/12\/image-6.jpeg\" alt=\"Istanbul Tema Hastanesi\" class=\"wp-image-170\" style=\"width:416px;height:auto\" srcset=\"https:\/\/bedagrup.com\/wp-content\/uploads\/2024\/12\/image-6.jpeg 400w, https:\/\/bedagrup.com\/wp-content\/uploads\/2024\/12\/image-6-300x192.jpeg 300w\" sizes=\"auto, (max-width: 400px) 100vw, 400px\" \/><\/figure>\n<\/div>\n\n\n\n<div class=\"wp-block-column is-layout-flow wp-block-column-is-layout-flow\">\n<p class=\"has-text-align-center\"><strong>3-King suit oda konsepti<\/strong><\/p>\n\n\n\n<figure class=\"wp-block-image size-full is-resized\"><img loading=\"lazy\" decoding=\"async\" width=\"400\" height=\"256\" src=\"https:\/\/bedagrup.com\/wp-content\/uploads\/2024\/12\/image-7.jpeg\" alt=\"Istanbul Tema Hastanesi\" class=\"wp-image-173\" style=\"width:416px;height:auto\" srcset=\"https:\/\/bedagrup.com\/wp-content\/uploads\/2024\/12\/image-7.jpeg 400w, https:\/\/bedagrup.com\/wp-content\/uploads\/2024\/12\/image-7-300x192.jpeg 300w\" sizes=\"auto, (max-width: 400px) 100vw, 400px\" \/><\/figure>\n\n\n\n<p class=\"has-text-align-center\"><strong>4-Engelli hasta uyumlu konsept<\/strong><\/p>\n\n\n\n<figure class=\"wp-block-image size-full is-resized\"><img loading=\"lazy\" decoding=\"async\" width=\"400\" height=\"256\" src=\"https:\/\/bedagrup.com\/wp-content\/uploads\/2024\/12\/image-8.jpeg\" alt=\"Istanbul Tema Hastanesi\" class=\"wp-image-176\" style=\"width:416px;height:auto\" srcset=\"https:\/\/bedagrup.com\/wp-content\/uploads\/2024\/12\/image-8.jpeg 400w, https:\/\/bedagrup.com\/wp-content\/uploads\/2024\/12\/image-8-300x192.jpeg 300w\" sizes=\"auto, (max-width: 400px) 100vw, 400px\" \/><\/figure>\n<\/div>\n<\/div>\n\n\n\n<h3 class=\"wp-block-heading\">Adresimiz<\/h3>\n\n\n\n<p>Atakent Mahallesi 4. Cadde No: 36 PK: 34307 K\u00fc\u00e7\u00fck\u00e7ekmece \/ \u0130stanbul<\/p>\n","protected":false},"excerpt":{"rendered":"<p>1994 y\u0131l\u0131nda k\u00fc\u00e7\u00fck bir semt klini\u011fiyle ba\u015flayan Bahat Sa\u011fl\u0131k Grubu, bug\u00fcn Sultangazi Bahat Hospital, G.O.P. Hastanesi ve en b\u00fcy\u00fck halkam\u0131z &#8230; <\/p>\n","protected":false},"author":1,"featured_media":0,"parent":0,"menu_order":0,"comment_status":"closed","ping_status":"closed","template":"","meta":{"footnotes":""},"class_list":["post-94","page","type-page","status-publish","hentry"],"jetpack_sharing_enabled":true,"_links":{"self":[{"href":"https:\/\/bedagrup.com\/fr\/wp-json\/wp\/v2\/pages\/94","targetHints":{"allow":["GET"]}}],"collection":[{"href":"https:\/\/bedagrup.com\/fr\/wp-json\/wp\/v2\/pages"}],"about":[{"href":"https:\/\/bedagrup.com\/fr\/wp-json\/wp\/v2\/types\/page"}],"author":[{"embeddable":true,"href":"https:\/\/bedagrup.com\/fr\/wp-json\/wp\/v2\/users\/1"}],"replies":[{"embeddable":true,"href":"https:\/\/bedagrup.com\/fr\/wp-json\/wp\/v2\/comments?post=94"}],"version-history":[{"count":6,"href":"https:\/\/bedagrup.com\/fr\/wp-json\/wp\/v2\/pages\/94\/revisions"}],"predecessor-version":[{"id":211,"href":"https:\/\/bedagrup.com\/fr\/wp-json\/wp\/v2\/pages\/94\/revisions\/211"}],"wp:attachment":[{"href":"https:\/\/bedagrup.com\/fr\/wp-json\/wp\/v2\/media?parent=94"}],"curies":[{"name":"wp","href":"https:\/\/api.w.org\/{rel}","templated":true}]}}