{"id":223,"date":"2024-12-27T14:18:38","date_gmt":"2024-12-27T14:18:38","guid":{"rendered":"https:\/\/bedagrup.com\/clinique-hlc\/"},"modified":"2024-12-30T08:44:23","modified_gmt":"2024-12-30T08:44:23","slug":"clinique-hlc","status":"publish","type":"page","link":"https:\/\/bedagrup.com\/fr\/clinique-hlc\/","title":{"rendered":"Clinique HLC"},"content":{"rendered":"\n<p>Nous connaissons l&rsquo;importance de l&rsquo;hygi\u00e8ne en dentisterie et nous appliquons la st\u00e9rilisation aux normes internationales dans nos cliniques. <br\/>La polyclinique HLC Oral and Dental Health Polyclinic a pour objectif de satisfaire le patient et d&rsquo;obtenir les meilleurs r\u00e9sultats. Nos dentistes exp\u00e9riment\u00e9s offrent un haut niveau de comp\u00e9tence en suivant les approches actuelles. Nos m\u00e9decins sp\u00e9cialistes d\u00e9terminent la meilleure m\u00e9thode de traitement en proc\u00e9dant \u00e0 des examens scientifiques sur notre plateforme de discussion de cas.<\/p>\n\n<figure class=\"wp-block-gallery has-nested-images columns-default is-cropped wp-block-gallery-1 is-layout-flex wp-block-gallery-is-layout-flex\">\n<figure class=\"wp-block-image size-large\"><img decoding=\"async\" data-id=\"134\" src=\"https:\/\/bedagrup.com\/wp-content\/uploads\/2024\/12\/&#x635;&#x648;&#x631;&#x629;-&#x648;&#x627;&#x62A;&#x633;&#x627;&#x628;-&#x628;&#x62A;&#x627;&#x631;&#x64A;&#x62E;-1446-06-26-&#x641;&#x64A;-14.04.27_5ea6a3df-1-1024x1024.jpg\" alt=\"Clinique HLC\" class=\"wp-image-134\"\/><\/figure>\n\n\n\n<figure class=\"wp-block-image size-large\"><img loading=\"lazy\" decoding=\"async\" width=\"1024\" height=\"682\" data-id=\"125\" src=\"https:\/\/bedagrup.com\/wp-content\/uploads\/2024\/12\/IMG-20231023-WA0027-1536x1023-1-1024x682.jpg\" alt=\"Clinique HLC\" class=\"wp-image-125\" srcset=\"https:\/\/bedagrup.com\/wp-content\/uploads\/2024\/12\/IMG-20231023-WA0027-1536x1023-1-1024x682.jpg 1024w, https:\/\/bedagrup.com\/wp-content\/uploads\/2024\/12\/IMG-20231023-WA0027-1536x1023-1-300x200.jpg 300w, https:\/\/bedagrup.com\/wp-content\/uploads\/2024\/12\/IMG-20231023-WA0027-1536x1023-1-768x512.jpg 768w, https:\/\/bedagrup.com\/wp-content\/uploads\/2024\/12\/IMG-20231023-WA0027-1536x1023-1.jpg 1536w\" sizes=\"auto, (max-width: 1024px) 100vw, 1024px\" \/><\/figure>\n\n\n\n<figure class=\"wp-block-image size-large\"><img loading=\"lazy\" decoding=\"async\" width=\"1024\" height=\"682\" data-id=\"128\" src=\"https:\/\/bedagrup.com\/wp-content\/uploads\/2024\/12\/IMG-20231023-WA0025-1024x682.jpg\" alt=\"Clinique HLC\" class=\"wp-image-128\" srcset=\"https:\/\/bedagrup.com\/wp-content\/uploads\/2024\/12\/IMG-20231023-WA0025-1024x682.jpg 1024w, https:\/\/bedagrup.com\/wp-content\/uploads\/2024\/12\/IMG-20231023-WA0025-300x200.jpg 300w, https:\/\/bedagrup.com\/wp-content\/uploads\/2024\/12\/IMG-20231023-WA0025-768x512.jpg 768w, https:\/\/bedagrup.com\/wp-content\/uploads\/2024\/12\/IMG-20231023-WA0025-1536x1023.jpg 1536w, https:\/\/bedagrup.com\/wp-content\/uploads\/2024\/12\/IMG-20231023-WA0025.jpg 1600w\" sizes=\"auto, (max-width: 1024px) 100vw, 1024px\" \/><\/figure>\n<\/figure>\n\n<p><br\/>La sant\u00e9 <strong>bucco-dentaire<\/strong> est d&rsquo;une grande importance \u00e0 tout \u00e2ge et ces probl\u00e8mes peuvent avoir des r\u00e9percussions n\u00e9gatives sur l&rsquo;\u00e9tat de sant\u00e9 g\u00e9n\u00e9ral. Il est donc important de faire appel \u00e0 des dentistes exp\u00e9riment\u00e9s et \u00e0 des \u00e9tablissements de sant\u00e9 bien \u00e9quip\u00e9s.<\/p>\n\n<h2 class=\"wp-block-heading\">Nos services<\/h2>\n\n<div class=\"wp-block-columns are-vertically-aligned-center has-cyan-bluish-gray-background-color has-background is-layout-flex wp-container-core-columns-is-layout-9d6595d7 wp-block-columns-is-layout-flex\">\n<div class=\"wp-block-column is-vertically-aligned-center is-layout-flow wp-block-column-is-layout-flow\" style=\"flex-basis:33.33%\">\n<figure class=\"wp-block-image\"><img decoding=\"async\" src=\"https:\/\/hlcclinic.com.tr\/wp-content\/uploads\/2023\/10\/18016903-min-1024x683.jpg\" alt=\"Clinique HLC\" class=\"wp-image-710\"\/><\/figure>\n<\/div>\n\n\n\n<div class=\"wp-block-column is-vertically-aligned-center is-layout-flow wp-block-column-is-layout-flow\" style=\"flex-basis:66.66%\">\n<p class=\"has-medium-font-size\">La <strong>dentisterie esth\u00e9tique<\/strong> am\u00e9liore l&rsquo;esth\u00e9tique du sourire en traitant les probl\u00e8mes de dents et de gencives.<\/p>\n<\/div>\n<\/div>\n\n<div class=\"wp-block-columns has-white-background-color has-background is-layout-flex wp-container-core-columns-is-layout-9d6595d7 wp-block-columns-is-layout-flex\">\n<div class=\"wp-block-column is-layout-flow wp-block-column-is-layout-flow\" style=\"flex-basis:33.33%\">\n<figure class=\"wp-block-image\"><img decoding=\"async\" src=\"https:\/\/hlcclinic.com.tr\/wp-content\/uploads\/2023\/10\/Koruyucu-Dis-Hekimligijpg-scaled.jpg\" alt=\"Clinique HLC\" class=\"wp-image-902\"\/><\/figure>\n<\/div>\n\n\n\n<div class=\"wp-block-column is-vertically-aligned-center is-layout-flow wp-block-column-is-layout-flow\" style=\"flex-basis:66.66%\">\n<p class=\"has-medium-font-size\">La <strong>dentisterie pr\u00e9ventive<\/strong> consiste \u00e0 encourager les contr\u00f4les r\u00e9guliers et les soins d&rsquo;hygi\u00e8ne afin de pr\u00e9server la sant\u00e9 bucco-dentaire.<\/p>\n<\/div>\n<\/div>\n\n<div class=\"wp-block-columns are-vertically-aligned-center has-cyan-bluish-gray-background-color has-background is-layout-flex wp-container-core-columns-is-layout-9d6595d7 wp-block-columns-is-layout-flex\">\n<div class=\"wp-block-column is-vertically-aligned-center is-layout-flow wp-block-column-is-layout-flow\" style=\"flex-basis:33.33%\">\n<figure class=\"wp-block-image\"><img decoding=\"async\" src=\"https:\/\/hlcclinic.com.tr\/wp-content\/uploads\/2023\/10\/Periodontoloji.jpg\" alt=\"Clinique HLC\" class=\"wp-image-1209\"\/><\/figure>\n<\/div>\n\n\n\n<div class=\"wp-block-column is-vertically-aligned-center is-layout-flow wp-block-column-is-layout-flow\" style=\"flex-basis:66.66%\">\n<p class=\"has-medium-font-size\">La <strong>parodontologie<\/strong> est la pratique qui consiste \u00e0 prot\u00e9ger la sant\u00e9 des gencives et \u00e0 pr\u00e9venir la perte des dents en traitant les maladies des gencives.<\/p>\n<\/div>\n<\/div>\n\n<div class=\"wp-block-columns are-vertically-aligned-center has-white-background-color has-background is-layout-flex wp-container-core-columns-is-layout-9d6595d7 wp-block-columns-is-layout-flex\">\n<div class=\"wp-block-column is-vertically-aligned-center is-layout-flow wp-block-column-is-layout-flow\" style=\"flex-basis:33.33%\">\n<figure class=\"wp-block-image\"><img decoding=\"async\" src=\"https:\/\/hlcclinic.com.tr\/wp-content\/uploads\/2023\/10\/endodonti-islemi.jpg\" alt=\"Clinique HLC\" class=\"wp-image-1221\"\/><\/figure>\n<\/div>\n\n\n\n<div class=\"wp-block-column is-vertically-aligned-center is-layout-flow wp-block-column-is-layout-flow\" style=\"flex-basis:66.66%\">\n<p class=\"has-medium-font-size\">L&rsquo;<strong>endodontie<\/strong> comprend le traitement du canal radiculaire qui pr\u00e9vient la perte de la dent en traitant le nerf endommag\u00e9 et le tissu vasculaire de la dent.<\/p>\n<\/div>\n<\/div>\n\n<div class=\"wp-block-columns are-vertically-aligned-center has-cyan-bluish-gray-background-color has-background is-layout-flex wp-container-core-columns-is-layout-9d6595d7 wp-block-columns-is-layout-flex\">\n<div class=\"wp-block-column is-vertically-aligned-center is-layout-flow wp-block-column-is-layout-flow\" style=\"flex-basis:33.33%\">\n<figure class=\"wp-block-image\"><img decoding=\"async\" src=\"https:\/\/hlcclinic.com.tr\/wp-content\/uploads\/2023\/10\/agiz-cene-cerrahisi.jpeg\" alt=\"Clinique HLC\" class=\"wp-image-1228\"\/><\/figure>\n<\/div>\n\n\n\n<div class=\"wp-block-column is-vertically-aligned-center is-layout-flow wp-block-column-is-layout-flow\" style=\"flex-basis:66.66%\">\n<p class=\"has-medium-font-size\">La <strong>chirurgie buccale et maxillo-faciale<\/strong> r\u00e9alise des traitements chirurgicaux pour les dents, les os de la m\u00e2choire et les tissus buccaux avec expertise.<\/p>\n<\/div>\n<\/div>\n\n<div class=\"wp-block-columns are-vertically-aligned-center has-white-background-color has-background is-layout-flex wp-container-core-columns-is-layout-9d6595d7 wp-block-columns-is-layout-flex\">\n<div class=\"wp-block-column is-vertically-aligned-center is-layout-flow wp-block-column-is-layout-flow\" style=\"flex-basis:33.33%\">\n<figure class=\"wp-block-image\"><img decoding=\"async\" src=\"https:\/\/hlcclinic.com.tr\/wp-content\/uploads\/2023\/10\/implant.webp\" alt=\"Clinique HLC\" class=\"wp-image-1238\"\/><\/figure>\n<\/div>\n\n\n\n<div class=\"wp-block-column is-vertically-aligned-center is-layout-flow wp-block-column-is-layout-flow\" style=\"flex-basis:66.66%\">\n<p class=\"has-medium-font-size\">L&rsquo;<strong>implantologie<\/strong> permet d&rsquo;obtenir une apparence et une fonction naturelles sans endommager les dents saines gr\u00e2ce \u00e0 des implants plac\u00e9s dans l&rsquo;os de la m\u00e2choire \u00e0 la place des dents manquantes.<\/p>\n<\/div>\n<\/div>\n\n<div class=\"wp-block-columns are-vertically-aligned-center has-cyan-bluish-gray-background-color has-background is-layout-flex wp-container-core-columns-is-layout-9d6595d7 wp-block-columns-is-layout-flex\">\n<div class=\"wp-block-column is-vertically-aligned-center is-layout-flow wp-block-column-is-layout-flow\" style=\"flex-basis:33.33%\">\n<figure class=\"wp-block-image\"><img decoding=\"async\" src=\"https:\/\/hlcclinic.com.tr\/wp-content\/uploads\/2023\/10\/Protez-dis.jpeg\" alt=\"Clinique HLC\" class=\"wp-image-1247\"\/><\/figure>\n<\/div>\n\n\n\n<div class=\"wp-block-column is-vertically-aligned-center is-layout-flow wp-block-column-is-layout-flow\" style=\"flex-basis:66.66%\">\n<p class=\"has-medium-font-size\">La <strong>proth\u00e8se<\/strong> comprend des applications telles que les proth\u00e8ses amovibles ou fixes, les facettes et les porcelaines laminaires pour r\u00e9soudre les d\u00e9ficiences dentaires, les fractures et les probl\u00e8mes esth\u00e9tiques.<\/p>\n<\/div>\n<\/div>\n\n<h3 class=\"wp-block-heading\">Adresse<\/h3>\n\n<p>Kazl\u0131\u00e7e\u015fme, Kennedy Cad. No:54\/EA, Zeytinburnu\/Istanbul<\/p>\n","protected":false},"excerpt":{"rendered":"<p>Nous connaissons l&rsquo;importance de l&rsquo;hygi\u00e8ne en dentisterie et nous appliquons la st\u00e9rilisation aux normes internationales dans nos cliniques. La polyclinique &#8230; <\/p>\n","protected":false},"author":1,"featured_media":0,"parent":0,"menu_order":0,"comment_status":"closed","ping_status":"closed","template":"","meta":{"footnotes":""},"class_list":["post-223","page","type-page","status-publish","hentry"],"jetpack_sharing_enabled":true,"_links":{"self":[{"href":"https:\/\/bedagrup.com\/fr\/wp-json\/wp\/v2\/pages\/223","targetHints":{"allow":["GET"]}}],"collection":[{"href":"https:\/\/bedagrup.com\/fr\/wp-json\/wp\/v2\/pages"}],"about":[{"href":"https:\/\/bedagrup.com\/fr\/wp-json\/wp\/v2\/types\/page"}],"author":[{"embeddable":true,"href":"https:\/\/bedagrup.com\/fr\/wp-json\/wp\/v2\/users\/1"}],"replies":[{"embeddable":true,"href":"https:\/\/bedagrup.com\/fr\/wp-json\/wp\/v2\/comments?post=223"}],"version-history":[{"count":3,"href":"https:\/\/bedagrup.com\/fr\/wp-json\/wp\/v2\/pages\/223\/revisions"}],"predecessor-version":[{"id":226,"href":"https:\/\/bedagrup.com\/fr\/wp-json\/wp\/v2\/pages\/223\/revisions\/226"}],"wp:attachment":[{"href":"https:\/\/bedagrup.com\/fr\/wp-json\/wp\/v2\/media?parent=223"}],"curies":[{"name":"wp","href":"https:\/\/api.w.org\/{rel}","templated":true}]}}