{"id":219,"date":"2024-12-27T14:17:34","date_gmt":"2024-12-27T14:17:34","guid":{"rendered":"https:\/\/bedagrup.com\/hopital-distanbul-tema\/"},"modified":"2024-12-30T08:42:18","modified_gmt":"2024-12-30T08:42:18","slug":"istanbul-tema-hastanesi-2","status":"publish","type":"page","link":"https:\/\/bedagrup.com\/fr\/istanbul-tema-hastanesi-2\/","title":{"rendered":"Istanbul Tema Hastanesi"},"content":{"rendered":"\n<p>Le Bahat Health Group, qui a commenc\u00e9 avec une clinique de quartier, continue de se d\u00e9velopper aujourd&rsquo;hui avec le Sultangazi Bahat Hospital, le G.O.P. Hospital et notre plus grand anneau, le BHT CLINIC Private Istanbul Tema Hospital.<\/p>\n\n\n\n<figure class=\"wp-block-image size-full\"><img loading=\"lazy\" decoding=\"async\" width=\"900\" height=\"600\" src=\"https:\/\/bedagrup.com\/wp-content\/uploads\/2024\/12\/8b274c51-f7ba-4fe4-95b5-d9f77aaacab6.jpg\" alt=\"H\u00f4pital d'Istanbul Tema\" class=\"wp-image-179\" srcset=\"https:\/\/bedagrup.com\/wp-content\/uploads\/2024\/12\/8b274c51-f7ba-4fe4-95b5-d9f77aaacab6.jpg 900w, https:\/\/bedagrup.com\/wp-content\/uploads\/2024\/12\/8b274c51-f7ba-4fe4-95b5-d9f77aaacab6-300x200.jpg 300w, https:\/\/bedagrup.com\/wp-content\/uploads\/2024\/12\/8b274c51-f7ba-4fe4-95b5-d9f77aaacab6-768x512.jpg 768w\" sizes=\"auto, (max-width: 900px) 100vw, 900px\" \/><\/figure>\n\n\n\n<p>Notre groupe, qui s&rsquo;appuie sur la s\u00e9curit\u00e9 des patients et des employ\u00e9s dans le respect des principes \u00e9thiques et des normes de qualit\u00e9 internationales, a pour mission de \u00ab\u00a0devenir une marque mondiale dans le domaine de la sant\u00e9\u00a0\u00bb. Nous travaillons avec plus de 100 m\u00e9decins et plus de 1000 employ\u00e9s.<\/p>\n\n\n\n<p>La BHT CLINIC a re\u00e7u le certificat de qualit\u00e9 en tant que premier h\u00f4pital g\u00e9n\u00e9ral en Turquie en se conformant aux normes d&rsquo;accr\u00e9ditation de la JCI. Nous continuons \u00e0 fournir des services avec notre h\u00f4pital ferm\u00e9 de 55 000 m\u00b2, qui a obtenu la certification LEED Gold gr\u00e2ce \u00e0 son approche respectueuse de l&rsquo;environnement et \u00e0 la technologie des b\u00e2timents intelligents.<\/p>\n\n\n\n<figure class=\"wp-block-gallery has-nested-images columns-default is-cropped wp-block-gallery-1 is-layout-flex wp-block-gallery-is-layout-flex\">\n<figure class=\"wp-block-image size-full\"><img loading=\"lazy\" decoding=\"async\" width=\"900\" height=\"599\" data-id=\"146\" src=\"https:\/\/bedagrup.com\/wp-content\/uploads\/2024\/12\/0e14e321-80fd-4077-a402-2b0c114023c9.jpg\" alt=\"H\u00f4pital d'Istanbul Tema\" class=\"wp-image-146\" srcset=\"https:\/\/bedagrup.com\/wp-content\/uploads\/2024\/12\/0e14e321-80fd-4077-a402-2b0c114023c9.jpg 900w, https:\/\/bedagrup.com\/wp-content\/uploads\/2024\/12\/0e14e321-80fd-4077-a402-2b0c114023c9-300x200.jpg 300w, https:\/\/bedagrup.com\/wp-content\/uploads\/2024\/12\/0e14e321-80fd-4077-a402-2b0c114023c9-768x511.jpg 768w\" sizes=\"auto, (max-width: 900px) 100vw, 900px\" \/><\/figure>\n\n\n\n<figure class=\"wp-block-image size-full\"><img loading=\"lazy\" decoding=\"async\" width=\"900\" height=\"599\" data-id=\"149\" src=\"https:\/\/bedagrup.com\/wp-content\/uploads\/2024\/12\/1505a1a5-beed-4c97-b5d3-74840136bfe4.jpg\" alt=\"H\u00f4pital d'Istanbul Tema\" class=\"wp-image-149\" srcset=\"https:\/\/bedagrup.com\/wp-content\/uploads\/2024\/12\/1505a1a5-beed-4c97-b5d3-74840136bfe4.jpg 900w, https:\/\/bedagrup.com\/wp-content\/uploads\/2024\/12\/1505a1a5-beed-4c97-b5d3-74840136bfe4-300x200.jpg 300w, https:\/\/bedagrup.com\/wp-content\/uploads\/2024\/12\/1505a1a5-beed-4c97-b5d3-74840136bfe4-768x511.jpg 768w\" sizes=\"auto, (max-width: 900px) 100vw, 900px\" \/><\/figure>\n\n\n\n<figure class=\"wp-block-image size-full\"><img loading=\"lazy\" decoding=\"async\" width=\"900\" height=\"600\" data-id=\"143\" src=\"https:\/\/bedagrup.com\/wp-content\/uploads\/2024\/12\/206e79bb-8994-4849-8de7-5f6f2ea2ba45.jpg\" alt=\"H\u00f4pital d'Istanbul Tema\" class=\"wp-image-143\" srcset=\"https:\/\/bedagrup.com\/wp-content\/uploads\/2024\/12\/206e79bb-8994-4849-8de7-5f6f2ea2ba45.jpg 900w, https:\/\/bedagrup.com\/wp-content\/uploads\/2024\/12\/206e79bb-8994-4849-8de7-5f6f2ea2ba45-300x200.jpg 300w, https:\/\/bedagrup.com\/wp-content\/uploads\/2024\/12\/206e79bb-8994-4849-8de7-5f6f2ea2ba45-768x512.jpg 768w\" sizes=\"auto, (max-width: 900px) 100vw, 900px\" \/><\/figure>\n<\/figure>\n\n\n\n<p>Avec une capacit\u00e9 de 450 lits, des syst\u00e8mes d&rsquo;imagerie m\u00e9dicale avanc\u00e9s et 18 salles d&rsquo;op\u00e9ration enti\u00e8rement \u00e9quip\u00e9es, nous sommes un pionnier en Turquie en termes d&rsquo;infrastructure technologique, et nous disposons de l&rsquo;\u00e9quipement d&rsquo;un nombre limit\u00e9 de centres dans le monde. En donnant la priorit\u00e9 \u00e0 la qualit\u00e9 des services de sant\u00e9, nous pr\u00e9servons la valeur que nous accordons aux patients, aux employ\u00e9s et \u00e0 la nature.<\/p>\n\n\n\n<h2 class=\"wp-block-heading\">Nos services<\/h2>\n\n\n\n<p><strong>Unit\u00e9s m\u00e9dicales<\/strong><\/p>\n\n\n\n<ul class=\"wp-block-list\">\n<li><strong>Service d&rsquo;urgence<\/strong><\/li>\n\n\n\n<li><strong>Sant\u00e9 et maladies de l&rsquo;enfant<\/strong><\/li>\n\n\n\n<li><strong>Gyn\u00e9cologie et obst\u00e9trique<\/strong><\/li>\n\n\n\n<li><strong>Chirurgie g\u00e9n\u00e9rale<\/strong><\/li>\n\n\n\n<li><strong>Chirurgie cardiovasculaire<\/strong><\/li>\n\n\n\n<li><strong>Neurologie<\/strong><\/li>\n\n\n\n<li><strong>Orthop\u00e9die et traumatologie<\/strong><\/li>\n\n\n\n<li><strong>Oncologie m\u00e9dicale<\/strong><\/li>\n\n\n\n<li><strong>Centre de f\u00e9condation in vitro (FIV)<\/strong><\/li>\n\n\n\n<li><strong>Soins intensifs<\/strong><\/li>\n<\/ul>\n\n\n\n<h3 class=\"wp-block-heading\">Chambres<\/h3>\n\n\n\n<p>Nous offrons \u00e0 nos patients le confort d&rsquo;un h\u00f4tel 5 \u00e9toiles. Toutes les chambres sont \u00e9quip\u00e9es d&rsquo;une t\u00e9l\u00e9vision LCD, d&rsquo;un r\u00e9frig\u00e9rateur, d&rsquo;un coffre-fort, d&rsquo;un s\u00e8che-cheveux, d&rsquo;une connexion Internet et d&rsquo;un service de journaux quotidiens. Nous disposons de quatre concepts de chambres diff\u00e9rents pour r\u00e9pondre \u00e0 des besoins diff\u00e9rents.<\/p>\n\n\n\n<div class=\"wp-block-columns is-layout-flex wp-container-core-columns-is-layout-9d6595d7 wp-block-columns-is-layout-flex\">\n<div class=\"wp-block-column is-layout-flow wp-block-column-is-layout-flow\">\n<p class=\"has-text-align-center\"><strong>1-Concept de chambre standard<\/strong><\/p>\n\n\n\n<figure class=\"wp-block-image size-full is-resized\"><img loading=\"lazy\" decoding=\"async\" width=\"400\" height=\"256\" src=\"https:\/\/bedagrup.com\/wp-content\/uploads\/2024\/12\/image-4.jpeg\" alt=\"H\u00f4pital d'Istanbul Tema\" class=\"wp-image-164\" style=\"width:416px;height:auto\" srcset=\"https:\/\/bedagrup.com\/wp-content\/uploads\/2024\/12\/image-4.jpeg 400w, https:\/\/bedagrup.com\/wp-content\/uploads\/2024\/12\/image-4-300x192.jpeg 300w\" sizes=\"auto, (max-width: 400px) 100vw, 400px\" \/><\/figure>\n\n\n\n<p class=\"has-text-align-center\"><strong>2-Concept de salle de bain<\/strong><\/p>\n\n\n\n<figure class=\"wp-block-image size-full is-resized\"><img loading=\"lazy\" decoding=\"async\" width=\"400\" height=\"256\" src=\"https:\/\/bedagrup.com\/wp-content\/uploads\/2024\/12\/image-6.jpeg\" alt=\"H\u00f4pital d'Istanbul Tema\" class=\"wp-image-170\" style=\"width:416px;height:auto\" srcset=\"https:\/\/bedagrup.com\/wp-content\/uploads\/2024\/12\/image-6.jpeg 400w, https:\/\/bedagrup.com\/wp-content\/uploads\/2024\/12\/image-6-300x192.jpeg 300w\" sizes=\"auto, (max-width: 400px) 100vw, 400px\" \/><\/figure>\n<\/div>\n\n\n\n<div class=\"wp-block-column is-layout-flow wp-block-column-is-layout-flow\">\n<p class=\"has-text-align-center\"><strong>Concept de la chambre 3-King<\/strong><\/p>\n\n\n\n<figure class=\"wp-block-image size-full is-resized\"><img loading=\"lazy\" decoding=\"async\" width=\"400\" height=\"256\" src=\"https:\/\/bedagrup.com\/wp-content\/uploads\/2024\/12\/image-7.jpeg\" alt=\"H\u00f4pital d'Istanbul Tema\" class=\"wp-image-173\" style=\"width:416px;height:auto\" srcset=\"https:\/\/bedagrup.com\/wp-content\/uploads\/2024\/12\/image-7.jpeg 400w, https:\/\/bedagrup.com\/wp-content\/uploads\/2024\/12\/image-7-300x192.jpeg 300w\" sizes=\"auto, (max-width: 400px) 100vw, 400px\" \/><\/figure>\n\n\n\n<p class=\"has-text-align-center\"><strong>4-Concept de compatibilit\u00e9 avec les patients handicap\u00e9s<\/strong><\/p>\n\n\n\n<figure class=\"wp-block-image size-full is-resized\"><img loading=\"lazy\" decoding=\"async\" width=\"400\" height=\"256\" src=\"https:\/\/bedagrup.com\/wp-content\/uploads\/2024\/12\/image-8.jpeg\" alt=\"H\u00f4pital d'Istanbul Tema\" class=\"wp-image-176\" style=\"width:416px;height:auto\" srcset=\"https:\/\/bedagrup.com\/wp-content\/uploads\/2024\/12\/image-8.jpeg 400w, https:\/\/bedagrup.com\/wp-content\/uploads\/2024\/12\/image-8-300x192.jpeg 300w\" sizes=\"auto, (max-width: 400px) 100vw, 400px\" \/><\/figure>\n<\/div>\n<\/div>\n\n\n\n<h3 class=\"wp-block-heading\">Adresse<\/h3>\n\n\n\n<p>Quartier d&rsquo;Atakent 4. Cadde No : 36 PK : 34307 Kucukcekmece \/ Istanbul<\/p>\n\n\n\n<p><\/p>\n","protected":false},"excerpt":{"rendered":"<p>Le Bahat Health Group, qui a commenc\u00e9 avec une clinique de quartier, continue de se d\u00e9velopper aujourd&rsquo;hui avec le Sultangazi &#8230; <\/p>\n","protected":false},"author":1,"featured_media":0,"parent":0,"menu_order":0,"comment_status":"closed","ping_status":"closed","template":"","meta":{"footnotes":""},"class_list":["post-219","page","type-page","status-publish","hentry"],"jetpack_sharing_enabled":true,"_links":{"self":[{"href":"https:\/\/bedagrup.com\/fr\/wp-json\/wp\/v2\/pages\/219","targetHints":{"allow":["GET"]}}],"collection":[{"href":"https:\/\/bedagrup.com\/fr\/wp-json\/wp\/v2\/pages"}],"about":[{"href":"https:\/\/bedagrup.com\/fr\/wp-json\/wp\/v2\/types\/page"}],"author":[{"embeddable":true,"href":"https:\/\/bedagrup.com\/fr\/wp-json\/wp\/v2\/users\/1"}],"replies":[{"embeddable":true,"href":"https:\/\/bedagrup.com\/fr\/wp-json\/wp\/v2\/comments?post=219"}],"version-history":[{"count":3,"href":"https:\/\/bedagrup.com\/fr\/wp-json\/wp\/v2\/pages\/219\/revisions"}],"predecessor-version":[{"id":222,"href":"https:\/\/bedagrup.com\/fr\/wp-json\/wp\/v2\/pages\/219\/revisions\/222"}],"wp:attachment":[{"href":"https:\/\/bedagrup.com\/fr\/wp-json\/wp\/v2\/media?parent=219"}],"curies":[{"name":"wp","href":"https:\/\/api.w.org\/{rel}","templated":true}]}}