{"id":110,"date":"2024-12-26T16:17:04","date_gmt":"2024-12-26T16:17:04","guid":{"rendered":"https:\/\/bedagrup.com\/nos-services\/"},"modified":"2024-12-30T10:59:16","modified_gmt":"2024-12-30T10:59:16","slug":"nos-services","status":"publish","type":"page","link":"https:\/\/bedagrup.com\/fr\/nos-services\/","title":{"rendered":"Nos services"},"content":{"rendered":"\n<p class=\"has-medium-font-size\">\u00c0 <strong>Bedagrup.com<\/strong>, nous offrons une vari\u00e9t\u00e9 de services touristiques pour que votre voyage en Turquie se d\u00e9roule sans encombre et soit m\u00e9morable :<\/p>\n\n<ul class=\"wp-block-list has-medium-font-size\">\n<li><strong>Des voyages organis\u00e9s personnalisables :<\/strong> Choisissez parmi des visites historiques, des exp\u00e9riences culturelles et des activit\u00e9s d&rsquo;aventure adapt\u00e9es \u00e0 vos centres d&rsquo;int\u00e9r\u00eat.<\/li>\n\n\n\n<li><strong>R\u00e9servations d&rsquo;h\u00f4tels :<\/strong> De l&rsquo;h\u00e9bergement \u00e9conomique au complexe h\u00f4telier de luxe, nous avons le s\u00e9jour id\u00e9al pour vous.<\/li>\n\n\n\n<li><strong>Services de transport :<\/strong> Transferts a\u00e9roportuaires confortables et fiables, location de voitures et options de transport guid\u00e9.<\/li>\n\n\n\n<li><strong>Guides locaux :<\/strong> Des guides comp\u00e9tents et sympathiques qui vous feront d\u00e9couvrir les joyaux cach\u00e9s de la Turquie.<\/li>\n<\/ul>\n\n<p class=\"has-medium-font-size\">Votre satisfaction est notre priorit\u00e9. Contactez-nous pour en savoir plus sur la fa\u00e7on dont nous pouvons cr\u00e9er l&rsquo;exp\u00e9rience de voyage parfaite pour vous.<\/p>\n","protected":false},"excerpt":{"rendered":"<p>\u00c0 Bedagrup.com, nous offrons une vari\u00e9t\u00e9 de services touristiques pour que votre voyage en Turquie se d\u00e9roule sans encombre et &#8230; <\/p>\n","protected":false},"author":1,"featured_media":111,"parent":0,"menu_order":0,"comment_status":"closed","ping_status":"closed","template":"","meta":{"footnotes":""},"class_list":["post-110","page","type-page","status-publish","has-post-thumbnail","hentry"],"jetpack_sharing_enabled":true,"_links":{"self":[{"href":"https:\/\/bedagrup.com\/fr\/wp-json\/wp\/v2\/pages\/110","targetHints":{"allow":["GET"]}}],"collection":[{"href":"https:\/\/bedagrup.com\/fr\/wp-json\/wp\/v2\/pages"}],"about":[{"href":"https:\/\/bedagrup.com\/fr\/wp-json\/wp\/v2\/types\/page"}],"author":[{"embeddable":true,"href":"https:\/\/bedagrup.com\/fr\/wp-json\/wp\/v2\/users\/1"}],"replies":[{"embeddable":true,"href":"https:\/\/bedagrup.com\/fr\/wp-json\/wp\/v2\/comments?post=110"}],"version-history":[{"count":4,"href":"https:\/\/bedagrup.com\/fr\/wp-json\/wp\/v2\/pages\/110\/revisions"}],"predecessor-version":[{"id":260,"href":"https:\/\/bedagrup.com\/fr\/wp-json\/wp\/v2\/pages\/110\/revisions\/260"}],"wp:featuredmedia":[{"embeddable":true,"href":"https:\/\/bedagrup.com\/fr\/wp-json\/wp\/v2\/media\/111"}],"wp:attachment":[{"href":"https:\/\/bedagrup.com\/fr\/wp-json\/wp\/v2\/media?parent=110"}],"curies":[{"name":"wp","href":"https:\/\/api.w.org\/{rel}","templated":true}]}}