{"id":108,"date":"2024-12-26T15:51:49","date_gmt":"2024-12-26T15:51:49","guid":{"rendered":"https:\/\/bedagrup.com\/accueil\/"},"modified":"2024-12-28T09:54:58","modified_gmt":"2024-12-28T09:54:58","slug":"accueil","status":"publish","type":"page","link":"https:\/\/bedagrup.com\/fr\/","title":{"rendered":"Accueil"},"content":{"rendered":"\n<p class=\"has-text-align-center has-medium-font-size\">Bienvenue sur <strong>Bedagrup.com<\/strong>, o\u00f9 la passion rencontre l&rsquo;expertise ! Nous sommes une \u00e9quipe d\u00e9vou\u00e9e de passionn\u00e9s de voyage qui s&rsquo;engagent \u00e0 faire conna\u00eetre la beaut\u00e9 de la Turquie au monde entier. Avec des ann\u00e9es d&rsquo;exp\u00e9rience dans l&rsquo;industrie du tourisme, nous comprenons ce qu&rsquo;il faut faire pour cr\u00e9er des exp\u00e9riences de voyage extraordinaires.<\/p>\n\n<div style=\"height:40px\" aria-hidden=\"true\" class=\"wp-block-spacer\"><\/div>\n\n<div class=\"wp-block-buttons is-content-justification-center is-layout-flex wp-container-core-buttons-is-layout-16018d1d wp-block-buttons-is-layout-flex\">\n<div class=\"wp-block-button is-style-outline is-style-outline--1\"><a class=\"wp-block-button__link wp-element-button\" href=\"https:\/\/bedagrup.com\/about-us\/\" style=\"border-radius:6px\">Lire la suite &#8230;<\/a><\/div>\n<\/div>\n\n<div style=\"height:70px\" aria-hidden=\"true\" class=\"wp-block-spacer\"><\/div>\n\n<p><\/p>\n","protected":false},"excerpt":{"rendered":"<p>Bienvenue sur Bedagrup.com, o\u00f9 la passion rencontre l&rsquo;expertise ! Nous sommes une \u00e9quipe d\u00e9vou\u00e9e de passionn\u00e9s de voyage qui s&rsquo;engagent &#8230; <\/p>\n","protected":false},"author":1,"featured_media":0,"parent":0,"menu_order":0,"comment_status":"closed","ping_status":"closed","template":"","meta":{"footnotes":""},"class_list":["post-108","page","type-page","status-publish","hentry"],"jetpack_sharing_enabled":true,"_links":{"self":[{"href":"https:\/\/bedagrup.com\/fr\/wp-json\/wp\/v2\/pages\/108","targetHints":{"allow":["GET"]}}],"collection":[{"href":"https:\/\/bedagrup.com\/fr\/wp-json\/wp\/v2\/pages"}],"about":[{"href":"https:\/\/bedagrup.com\/fr\/wp-json\/wp\/v2\/types\/page"}],"author":[{"embeddable":true,"href":"https:\/\/bedagrup.com\/fr\/wp-json\/wp\/v2\/users\/1"}],"replies":[{"embeddable":true,"href":"https:\/\/bedagrup.com\/fr\/wp-json\/wp\/v2\/comments?post=108"}],"version-history":[{"count":1,"href":"https:\/\/bedagrup.com\/fr\/wp-json\/wp\/v2\/pages\/108\/revisions"}],"predecessor-version":[{"id":109,"href":"https:\/\/bedagrup.com\/fr\/wp-json\/wp\/v2\/pages\/108\/revisions\/109"}],"wp:attachment":[{"href":"https:\/\/bedagrup.com\/fr\/wp-json\/wp\/v2\/media?parent=108"}],"curies":[{"name":"wp","href":"https:\/\/api.w.org\/{rel}","templated":true}]}}