{"id":104,"date":"2024-12-26T15:53:42","date_gmt":"2024-12-26T15:53:42","guid":{"rendered":"https:\/\/bedagrup.com\/contactez-nous\/"},"modified":"2024-12-28T09:54:45","modified_gmt":"2024-12-28T09:54:45","slug":"contactez-nous","status":"publish","type":"page","link":"https:\/\/bedagrup.com\/fr\/contactez-nous\/","title":{"rendered":"Contactez nous"},"content":{"rendered":"\n<div class=\"wp-block-columns are-vertically-aligned-center is-layout-flex wp-container-core-columns-is-layout-9d6595d7 wp-block-columns-is-layout-flex\">\n<div class=\"wp-block-column is-vertically-aligned-center is-layout-flow wp-block-column-is-layout-flow\">\n<figure class=\"wp-block-image size-large is-style-default\"><img loading=\"lazy\" decoding=\"async\" width=\"1024\" height=\"1024\" src=\"https:\/\/bedagrup.com\/wp-content\/uploads\/2024\/12\/istanbul-bedagrup-1024x1024.webp\" alt=\"Bedagrup\" class=\"wp-image-47\" srcset=\"https:\/\/bedagrup.com\/wp-content\/uploads\/2024\/12\/istanbul-bedagrup-1024x1024.webp 1024w, https:\/\/bedagrup.com\/wp-content\/uploads\/2024\/12\/istanbul-bedagrup-300x300.webp 300w, https:\/\/bedagrup.com\/wp-content\/uploads\/2024\/12\/istanbul-bedagrup-150x150.webp 150w, https:\/\/bedagrup.com\/wp-content\/uploads\/2024\/12\/istanbul-bedagrup-768x768.webp 768w, https:\/\/bedagrup.com\/wp-content\/uploads\/2024\/12\/istanbul-bedagrup.webp 1200w\" sizes=\"auto, (max-width: 1024px) 100vw, 1024px\" \/><\/figure>\n<\/div>\n\n\n\n<div class=\"wp-block-column is-vertically-aligned-center is-layout-flow wp-block-column-is-layout-flow\">\n<h2 class=\"wp-block-heading\">BIENVENUE !<\/h2>\n\n\n\n<p class=\"has-medium-font-size\">N&rsquo;h\u00e9sitez pas \u00e0 nous contacter ! N&rsquo;h\u00e9sitez pas \u00e0 nous contacter si vous avez une question, si vous avez besoin d&rsquo;aide pour planifier votre voyage ou si vous souhaitez nous faire part de votre exp\u00e9rience.<\/p>\n\n\n\n<ul class=\"wp-block-list has-medium-font-size\">\n<li><strong>T\u00e9l\u00e9phone : +90 539 926 8888<\/strong> +90 539 926 8888<\/li>\n\n\n\n<li><strong>Courriel :<\/strong> bedagrupturizm@gmail.com<\/li>\n\n\n\n<li><strong>Adresse :<\/strong> \u015eI\u0307RI\u0307NEVLER MAH. \u015eEHI\u0307T YARBAY CESUR CAD. KOTAN NO : 1 I\u0307\u00c7 KAPI NO : 5 BAH\u00c7ELI\u0307EVLER \/ I\u0307STANBUL TURKIYE<\/li>\n<\/ul>\n\n\n\n<p class=\"has-medium-font-size\">Ou remplissez le formulaire et nous vous r\u00e9pondrons rapidement.<\/p>\n\n\n\n<p class=\"has-large-font-size\">Votre visite en Turquie commence ici !<\/p>\n<\/div>\n<\/div>\n","protected":false},"excerpt":{"rendered":"<p>BIENVENUE ! N&rsquo;h\u00e9sitez pas \u00e0 nous contacter ! N&rsquo;h\u00e9sitez pas \u00e0 nous contacter si vous avez une question, si vous &#8230; <\/p>\n","protected":false},"author":1,"featured_media":106,"parent":0,"menu_order":0,"comment_status":"closed","ping_status":"closed","template":"","meta":{"footnotes":""},"class_list":["post-104","page","type-page","status-publish","has-post-thumbnail","hentry"],"jetpack_sharing_enabled":true,"_links":{"self":[{"href":"https:\/\/bedagrup.com\/fr\/wp-json\/wp\/v2\/pages\/104","targetHints":{"allow":["GET"]}}],"collection":[{"href":"https:\/\/bedagrup.com\/fr\/wp-json\/wp\/v2\/pages"}],"about":[{"href":"https:\/\/bedagrup.com\/fr\/wp-json\/wp\/v2\/types\/page"}],"author":[{"embeddable":true,"href":"https:\/\/bedagrup.com\/fr\/wp-json\/wp\/v2\/users\/1"}],"replies":[{"embeddable":true,"href":"https:\/\/bedagrup.com\/fr\/wp-json\/wp\/v2\/comments?post=104"}],"version-history":[{"count":1,"href":"https:\/\/bedagrup.com\/fr\/wp-json\/wp\/v2\/pages\/104\/revisions"}],"predecessor-version":[{"id":107,"href":"https:\/\/bedagrup.com\/fr\/wp-json\/wp\/v2\/pages\/104\/revisions\/107"}],"wp:featuredmedia":[{"embeddable":true,"href":"https:\/\/bedagrup.com\/fr\/wp-json\/wp\/v2\/media\/106"}],"wp:attachment":[{"href":"https:\/\/bedagrup.com\/fr\/wp-json\/wp\/v2\/media?parent=104"}],"curies":[{"name":"wp","href":"https:\/\/api.w.org\/{rel}","templated":true}]}}