{"id":100,"date":"2024-12-26T15:53:24","date_gmt":"2024-12-26T15:53:24","guid":{"rendered":"https:\/\/bedagrup.com\/a-propos-de-nous\/"},"modified":"2024-12-28T09:52:59","modified_gmt":"2024-12-28T09:52:59","slug":"a-propos-de-nous","status":"publish","type":"page","link":"https:\/\/bedagrup.com\/fr\/a-propos-de-nous\/","title":{"rendered":"A propos de nous"},"content":{"rendered":"\n<p><\/p>\n\n<div class=\"wp-block-columns is-layout-flex wp-container-core-columns-is-layout-9d6595d7 wp-block-columns-is-layout-flex\">\n<div class=\"wp-block-column is-layout-flow wp-block-column-is-layout-flow\">\n<figure class=\"wp-block-image size-large\"><img loading=\"lazy\" decoding=\"async\" width=\"731\" height=\"1024\" src=\"https:\/\/bedagrup.com\/wp-content\/uploads\/2024\/12\/istanbul-beda-grup-731x1024.png\" alt=\"\" class=\"wp-image-60\" srcset=\"https:\/\/bedagrup.com\/wp-content\/uploads\/2024\/12\/istanbul-beda-grup-731x1024.png 731w, https:\/\/bedagrup.com\/wp-content\/uploads\/2024\/12\/istanbul-beda-grup-214x300.png 214w, https:\/\/bedagrup.com\/wp-content\/uploads\/2024\/12\/istanbul-beda-grup-768x1075.png 768w, https:\/\/bedagrup.com\/wp-content\/uploads\/2024\/12\/istanbul-beda-grup.png 800w\" sizes=\"auto, (max-width: 731px) 100vw, 731px\" \/><\/figure>\n<\/div>\n\n\n\n<div class=\"wp-block-column is-layout-flow wp-block-column-is-layout-flow\">\n<p class=\"has-medium-font-size\">Bienvenue sur Bedagrup.com, o\u00f9 la passion rencontre l&rsquo;expertise ! Nous sommes une \u00e9quipe d\u00e9vou\u00e9e de passionn\u00e9s de voyage qui s&rsquo;engagent \u00e0 faire conna\u00eetre la beaut\u00e9 de la Turquie au monde entier.<\/p>\n\n\n\n<p class=\"has-medium-font-size\">Avec des ann\u00e9es d&rsquo;exp\u00e9rience dans l&rsquo;industrie du tourisme, nous comprenons ce qu&rsquo;il faut faire pour cr\u00e9er des exp\u00e9riences de voyage extraordinaires.<\/p>\n\n\n\n<h2 class=\"wp-block-heading\">Notre mission<\/h2>\n\n\n\n<p class=\"has-medium-font-size\">Rendre inoubliable le s\u00e9jour de chaque voyageur en Turquie en fournissant des services de premier ordre adapt\u00e9s aux pr\u00e9f\u00e9rences de chacun.<\/p>\n\n\n\n<h3 class=\"wp-block-heading\">Pourquoi nous choisir ?<\/h3>\n\n\n\n<ul class=\"wp-block-list\">\n<li>Service personnalis\u00e9 et souci du d\u00e9tail.<\/li>\n\n\n\n<li>Partenariats avec les meilleurs fournisseurs locaux.<\/li>\n\n\n\n<li class=\"has-medium-font-size\">Engagement en faveur de pratiques touristiques durables et \u00e9thiques.<\/li>\n<\/ul>\n\n\n\n<p class=\"has-white-color has-text-color has-background has-link-color has-medium-font-size wp-elements-8618144b19cd16880a64d8e722a5f132\" style=\"background:radial-gradient(rgb(5,5,65) 0%,rgb(109,115,125) 100%)\">Laissez-nous \u00eatre votre partenaire de confiance pour explorer les merveilles de la Turquie.<\/p>\n<\/div>\n<\/div>\n\n<p><\/p>\n","protected":false},"excerpt":{"rendered":"<p>Bienvenue sur Bedagrup.com, o\u00f9 la passion rencontre l&rsquo;expertise ! Nous sommes une \u00e9quipe d\u00e9vou\u00e9e de passionn\u00e9s de voyage qui s&rsquo;engagent &#8230; <\/p>\n","protected":false},"author":1,"featured_media":102,"parent":0,"menu_order":0,"comment_status":"closed","ping_status":"closed","template":"","meta":{"footnotes":""},"class_list":["post-100","page","type-page","status-publish","has-post-thumbnail","hentry"],"jetpack_sharing_enabled":true,"_links":{"self":[{"href":"https:\/\/bedagrup.com\/fr\/wp-json\/wp\/v2\/pages\/100","targetHints":{"allow":["GET"]}}],"collection":[{"href":"https:\/\/bedagrup.com\/fr\/wp-json\/wp\/v2\/pages"}],"about":[{"href":"https:\/\/bedagrup.com\/fr\/wp-json\/wp\/v2\/types\/page"}],"author":[{"embeddable":true,"href":"https:\/\/bedagrup.com\/fr\/wp-json\/wp\/v2\/users\/1"}],"replies":[{"embeddable":true,"href":"https:\/\/bedagrup.com\/fr\/wp-json\/wp\/v2\/comments?post=100"}],"version-history":[{"count":1,"href":"https:\/\/bedagrup.com\/fr\/wp-json\/wp\/v2\/pages\/100\/revisions"}],"predecessor-version":[{"id":103,"href":"https:\/\/bedagrup.com\/fr\/wp-json\/wp\/v2\/pages\/100\/revisions\/103"}],"wp:featuredmedia":[{"embeddable":true,"href":"https:\/\/bedagrup.com\/fr\/wp-json\/wp\/v2\/media\/102"}],"wp:attachment":[{"href":"https:\/\/bedagrup.com\/fr\/wp-json\/wp\/v2\/media?parent=100"}],"curies":[{"name":"wp","href":"https:\/\/api.w.org\/{rel}","templated":true}]}}