{"id":15,"date":"2024-12-26T15:53:42","date_gmt":"2024-12-26T15:53:42","guid":{"rendered":"https:\/\/bedagrup.com\/?page_id=15"},"modified":"2024-12-26T19:32:17","modified_gmt":"2024-12-26T19:32:17","slug":"contact-us","status":"publish","type":"page","link":"https:\/\/bedagrup.com\/en\/contact-us\/","title":{"rendered":"Contact Us"},"content":{"rendered":"\n<div class=\"wp-block-columns are-vertically-aligned-center is-layout-flex wp-container-core-columns-is-layout-9d6595d7 wp-block-columns-is-layout-flex\">\n<div class=\"wp-block-column is-vertically-aligned-center is-layout-flow wp-block-column-is-layout-flow\">\n<figure class=\"wp-block-image size-large is-style-default\"><img loading=\"lazy\" decoding=\"async\" width=\"1024\" height=\"1024\" src=\"https:\/\/bedagrup.com\/wp-content\/uploads\/2024\/12\/istanbul-bedagrup-1024x1024.webp\" alt=\"Bedagrup\" class=\"wp-image-47\" srcset=\"https:\/\/bedagrup.com\/wp-content\/uploads\/2024\/12\/istanbul-bedagrup-1024x1024.webp 1024w, https:\/\/bedagrup.com\/wp-content\/uploads\/2024\/12\/istanbul-bedagrup-300x300.webp 300w, https:\/\/bedagrup.com\/wp-content\/uploads\/2024\/12\/istanbul-bedagrup-150x150.webp 150w, https:\/\/bedagrup.com\/wp-content\/uploads\/2024\/12\/istanbul-bedagrup-768x768.webp 768w, https:\/\/bedagrup.com\/wp-content\/uploads\/2024\/12\/istanbul-bedagrup.webp 1200w\" sizes=\"auto, (max-width: 1024px) 100vw, 1024px\" \/><\/figure>\n<\/div>\n\n\n\n<div class=\"wp-block-column is-vertically-aligned-center is-layout-flow wp-block-column-is-layout-flow\">\n<h2 class=\"wp-block-heading\">WELCOME!<\/h2>\n\n\n\n<p class=\"has-medium-font-size\">We\u2019d love to hear from you! Feel free to reach out if you have a question, need assistance planning your trip, or want to share your experience with us.<\/p>\n\n\n\n<ul class=\"wp-block-list has-medium-font-size\">\n<li><strong>Phone:<\/strong> +90 539 926 8888<\/li>\n\n\n\n<li><strong>Email:<\/strong> bedagrupturizm@gmail.com<\/li>\n\n\n\n<li><strong>Address:<\/strong> \u015e\u0130R\u0130NEVLER MAH. \u015eEH\u0130T YARBAY CESUR CAD. KOTAN NO: 1 \u0130\u00c7 KAPI NO: 5 BAH\u00c7EL\u0130EVLER \/ \u0130STANBUL TURKIYE<\/li>\n<\/ul>\n\n\n\n<p class=\"has-medium-font-size\">Or fill out the form, and we\u2019ll reply soon.<\/p>\n\n\n\n<p class=\"has-large-font-size\">Your Turkish visit starts here!<\/p>\n<\/div>\n<\/div>\n","protected":false},"excerpt":{"rendered":"<p>WELCOME! We\u2019d love to hear from you! Feel free to reach out if you have a question, need assistance planning &#8230; <\/p>\n","protected":false},"author":1,"featured_media":66,"parent":0,"menu_order":0,"comment_status":"closed","ping_status":"closed","template":"","meta":{"footnotes":""},"class_list":["post-15","page","type-page","status-publish","has-post-thumbnail","hentry"],"jetpack_sharing_enabled":true,"_links":{"self":[{"href":"https:\/\/bedagrup.com\/en\/wp-json\/wp\/v2\/pages\/15","targetHints":{"allow":["GET"]}}],"collection":[{"href":"https:\/\/bedagrup.com\/en\/wp-json\/wp\/v2\/pages"}],"about":[{"href":"https:\/\/bedagrup.com\/en\/wp-json\/wp\/v2\/types\/page"}],"author":[{"embeddable":true,"href":"https:\/\/bedagrup.com\/en\/wp-json\/wp\/v2\/users\/1"}],"replies":[{"embeddable":true,"href":"https:\/\/bedagrup.com\/en\/wp-json\/wp\/v2\/comments?post=15"}],"version-history":[{"count":11,"href":"https:\/\/bedagrup.com\/en\/wp-json\/wp\/v2\/pages\/15\/revisions"}],"predecessor-version":[{"id":56,"href":"https:\/\/bedagrup.com\/en\/wp-json\/wp\/v2\/pages\/15\/revisions\/56"}],"wp:featuredmedia":[{"embeddable":true,"href":"https:\/\/bedagrup.com\/en\/wp-json\/wp\/v2\/media\/66"}],"wp:attachment":[{"href":"https:\/\/bedagrup.com\/en\/wp-json\/wp\/v2\/media?parent=15"}],"curies":[{"name":"wp","href":"https:\/\/api.w.org\/{rel}","templated":true}]}}